{"id":53,"date":"2023-04-25T15:55:33","date_gmt":"2023-04-25T15:55:33","guid":{"rendered":"https:\/\/garagekatsastus.fi\/?page_id=53"},"modified":"2023-10-29T19:29:51","modified_gmt":"2023-10-29T19:29:51","slug":"blog","status":"publish","type":"page","link":"https:\/\/garagekatsastus.fi\/index.php\/blog\/","title":{"rendered":"Blog"},"content":{"rendered":"\n<p class=\"has-shark-background-color has-text-color has-background\" style=\"color:#fbfafa\">Garage Katsastuksen toimitila rakentuu hyvin pitk\u00e4lti yritt\u00e4j\u00e4n hartiapankilla Lehtim\u00e4en liikenteen vanhaan halliin Nastolassa. Tie toi pari vuotta sitten Kangasalta Nastolaan kun t\u00e4\u00e4lt\u00e4 sattui l\u00f6ytym\u00e4\u00e4n unelmien talo, joka t\u00e4ytti l\u00e4hes kaikki viiden talon etsint\u00e4 vuoden aikana hioutuneet kriteerit. Pikkuhiljaa muovautui my\u00f6s ajatus oman katsastuskonttorin laittamisesta, kun tilatkin olisi teht\u00e4viss\u00e4 omiin nurkkiin. Olihan tuota katsastamista palkollisena tullut jo hyv\u00e4 tovi kokeiltua ja polte tehd\u00e4 asiat oman n\u00e4k\u00f6isell\u00e4 tavalla pitk\u00e4\u00e4n hehkunut. Tervetuloa mukaan matkalle kohti yhden unelman toteutumista ja katsastuspalvelun uutta aikakautta! <\/p>\n\n\n\n<figure class=\"wp-block-embed is-type-video is-provider-youtube wp-block-embed-youtube wp-embed-aspect-16-9 wp-has-aspect-ratio\"><div class=\"wp-block-embed__wrapper\">\n<iframe loading=\"lazy\" title=\"Garage Katsastuksen esittelytyrnee\" width=\"819\" height=\"461\" src=\"https:\/\/www.youtube.com\/embed\/n8r2a3QKlMc?feature=oembed\" frameborder=\"0\" allow=\"accelerometer; autoplay; clipboard-write; encrypted-media; gyroscope; picture-in-picture; web-share\" allowfullscreen><\/iframe>\n<\/div><\/figure>\n\n\n\n<p>21.07.2023 Huonoja uutisia LVI-suunnittelijalta<\/p>\n\n\n\n<figure class=\"wp-block-embed is-type-video is-provider-youtube wp-block-embed-youtube wp-embed-aspect-16-9 wp-has-aspect-ratio\"><div class=\"wp-block-embed__wrapper\">\n<iframe loading=\"lazy\" title=\"Toiminnan aloitus viiv\u00e4styy LVI-haasteiden takia\" width=\"819\" height=\"461\" src=\"https:\/\/www.youtube.com\/embed\/LOk5sDoPL94?feature=oembed\" frameborder=\"0\" allow=\"accelerometer; autoplay; clipboard-write; encrypted-media; gyroscope; picture-in-picture; web-share\" allowfullscreen><\/iframe>\n<\/div><\/figure>\n\n\n\n<div class=\"wp-block-media-text alignwide is-stacked-on-mobile\"><figure class=\"wp-block-media-text__media\"><img loading=\"lazy\" decoding=\"async\" width=\"576\" height=\"1024\" src=\"https:\/\/garagekatsastus.fi\/wp-content\/uploads\/2023\/06\/1686769615766-576x1024.jpg\" alt=\"\" class=\"wp-image-217 size-full\" srcset=\"https:\/\/garagekatsastus.fi\/wp-content\/uploads\/2023\/06\/1686769615766-576x1024.jpg 576w, https:\/\/garagekatsastus.fi\/wp-content\/uploads\/2023\/06\/1686769615766-169x300.jpg 169w, https:\/\/garagekatsastus.fi\/wp-content\/uploads\/2023\/06\/1686769615766-768x1365.jpg 768w, https:\/\/garagekatsastus.fi\/wp-content\/uploads\/2023\/06\/1686769615766-864x1536.jpg 864w, https:\/\/garagekatsastus.fi\/wp-content\/uploads\/2023\/06\/1686769615766-1152x2048.jpg 1152w, https:\/\/garagekatsastus.fi\/wp-content\/uploads\/2023\/06\/1686769615766-scaled.jpg 1440w\" sizes=\"auto, (max-width: 576px) 100vw, 576px\" \/><\/figure><div class=\"wp-block-media-text__content\">\n<p>Jarrudyno hypp\u00e4si paikalleen, mutta pakko oli ottaa vemppaa loppup\u00e4iv\u00e4 kun alkoi flunssa \u00e4itym\u00e4\u00e4n. Mutta pikkuhiljaa alkaa valoa pilkottaa tunnelin p\u00e4\u00e4ss\u00e4 leimatouhujen suhteen! Jos vaikka viel\u00e4 ens kuun puolella p\u00e4\u00e4st\u00e4isiin tositoimiin&#8230;<\/p>\n<\/div><\/div>\n\n\n\n<div class=\"wp-block-media-text alignwide is-stacked-on-mobile\"><figure class=\"wp-block-media-text__media\"><img loading=\"lazy\" decoding=\"async\" width=\"576\" height=\"1024\" src=\"https:\/\/garagekatsastus.fi\/wp-content\/uploads\/2023\/06\/1686769615778-576x1024.jpg\" alt=\"\" class=\"wp-image-216 size-full\" srcset=\"https:\/\/garagekatsastus.fi\/wp-content\/uploads\/2023\/06\/1686769615778-576x1024.jpg 576w, https:\/\/garagekatsastus.fi\/wp-content\/uploads\/2023\/06\/1686769615778-169x300.jpg 169w, https:\/\/garagekatsastus.fi\/wp-content\/uploads\/2023\/06\/1686769615778-768x1365.jpg 768w, https:\/\/garagekatsastus.fi\/wp-content\/uploads\/2023\/06\/1686769615778-864x1536.jpg 864w, https:\/\/garagekatsastus.fi\/wp-content\/uploads\/2023\/06\/1686769615778-1152x2048.jpg 1152w, https:\/\/garagekatsastus.fi\/wp-content\/uploads\/2023\/06\/1686769615778-scaled.jpg 1440w\" sizes=\"auto, (max-width: 576px) 100vw, 576px\" \/><\/figure><div class=\"wp-block-media-text__content\">\n<p>14.06.2023 Laitetoimitus saapui Diagnolta<\/p>\n\n\n\n<p>Hallin uudet s\u00e4hk\u00f6tkin tuli sopivasti eilen valmiiksi<\/p>\n\n\n\n<p>Niin ja tommonen p\u00e4hee nostopukki tuli fabrisoitua pakettia odotellessa&#8230;<\/p>\n<\/div><\/div>\n\n\n\n<div class=\"wp-block-media-text alignwide is-stacked-on-mobile\"><figure class=\"wp-block-media-text__media\"><img loading=\"lazy\" decoding=\"async\" width=\"576\" height=\"1024\" src=\"https:\/\/garagekatsastus.fi\/wp-content\/uploads\/2023\/06\/1686769615790-576x1024.jpg\" alt=\"\" class=\"wp-image-215 size-full\" srcset=\"https:\/\/garagekatsastus.fi\/wp-content\/uploads\/2023\/06\/1686769615790-576x1024.jpg 576w, https:\/\/garagekatsastus.fi\/wp-content\/uploads\/2023\/06\/1686769615790-169x300.jpg 169w, https:\/\/garagekatsastus.fi\/wp-content\/uploads\/2023\/06\/1686769615790-768x1365.jpg 768w, https:\/\/garagekatsastus.fi\/wp-content\/uploads\/2023\/06\/1686769615790-864x1536.jpg 864w, https:\/\/garagekatsastus.fi\/wp-content\/uploads\/2023\/06\/1686769615790-1152x2048.jpg 1152w, https:\/\/garagekatsastus.fi\/wp-content\/uploads\/2023\/06\/1686769615790-scaled.jpg 1440w\" sizes=\"auto, (max-width: 576px) 100vw, 576px\" \/><\/figure><div class=\"wp-block-media-text__content\">\n<p>Pikkutunneille meni, mutta lattiat tuli hiottua silt\u00e4 osin kun t\u00e4ss\u00e4 kohtaa oli tarkoituskin. Sitten maalia lattiaan ja odottelemaan pakettia laitetoimittajalta&#8230;<\/p>\n<\/div><\/div>\n\n\n\n<div class=\"wp-block-media-text alignwide is-stacked-on-mobile\"><figure class=\"wp-block-media-text__media\"><img loading=\"lazy\" decoding=\"async\" width=\"576\" height=\"1024\" src=\"https:\/\/garagekatsastus.fi\/wp-content\/uploads\/2023\/06\/1686769615802-576x1024.jpg\" alt=\"\" class=\"wp-image-214 size-full\" srcset=\"https:\/\/garagekatsastus.fi\/wp-content\/uploads\/2023\/06\/1686769615802-576x1024.jpg 576w, https:\/\/garagekatsastus.fi\/wp-content\/uploads\/2023\/06\/1686769615802-169x300.jpg 169w, https:\/\/garagekatsastus.fi\/wp-content\/uploads\/2023\/06\/1686769615802-768x1365.jpg 768w, https:\/\/garagekatsastus.fi\/wp-content\/uploads\/2023\/06\/1686769615802-864x1536.jpg 864w, https:\/\/garagekatsastus.fi\/wp-content\/uploads\/2023\/06\/1686769615802-1152x2048.jpg 1152w, https:\/\/garagekatsastus.fi\/wp-content\/uploads\/2023\/06\/1686769615802-scaled.jpg 1440w\" sizes=\"auto, (max-width: 576px) 100vw, 576px\" \/><\/figure><div class=\"wp-block-media-text__content\">\n<p>Apu l\u00f6ytyi Suzuki PV:n takanavan laakerista ja homma p\u00e4\u00e4si jatkumaan<\/p>\n<\/div><\/div>\n\n\n\n<div class=\"wp-block-media-text alignwide is-stacked-on-mobile\"><figure class=\"wp-block-media-text__media\"><img loading=\"lazy\" decoding=\"async\" width=\"1024\" height=\"576\" src=\"https:\/\/garagekatsastus.fi\/wp-content\/uploads\/2023\/06\/1686769615816-1-1024x576.jpg\" alt=\"\" class=\"wp-image-213 size-full\" srcset=\"https:\/\/garagekatsastus.fi\/wp-content\/uploads\/2023\/06\/1686769615816-1-1024x576.jpg 1024w, https:\/\/garagekatsastus.fi\/wp-content\/uploads\/2023\/06\/1686769615816-1-300x169.jpg 300w, https:\/\/garagekatsastus.fi\/wp-content\/uploads\/2023\/06\/1686769615816-1-768x432.jpg 768w, https:\/\/garagekatsastus.fi\/wp-content\/uploads\/2023\/06\/1686769615816-1-1536x864.jpg 1536w, https:\/\/garagekatsastus.fi\/wp-content\/uploads\/2023\/06\/1686769615816-1-2048x1152.jpg 2048w\" sizes=\"auto, (max-width: 1024px) 100vw, 1024px\" \/><\/figure><div class=\"wp-block-media-text__content\">\n<p>Homma edistyi hyvin kunnes saneerausjyrsimen alennusvaihteen laakeri antautui&#8230;<\/p>\n<\/div><\/div>\n\n\n\n<div class=\"wp-block-media-text alignwide is-stacked-on-mobile\"><figure class=\"wp-block-media-text__media\"><img loading=\"lazy\" decoding=\"async\" width=\"576\" height=\"1024\" src=\"https:\/\/garagekatsastus.fi\/wp-content\/uploads\/2023\/06\/1686769615828-576x1024.jpg\" alt=\"\" class=\"wp-image-211 size-full\" srcset=\"https:\/\/garagekatsastus.fi\/wp-content\/uploads\/2023\/06\/1686769615828-576x1024.jpg 576w, https:\/\/garagekatsastus.fi\/wp-content\/uploads\/2023\/06\/1686769615828-169x300.jpg 169w, https:\/\/garagekatsastus.fi\/wp-content\/uploads\/2023\/06\/1686769615828-768x1365.jpg 768w, https:\/\/garagekatsastus.fi\/wp-content\/uploads\/2023\/06\/1686769615828-864x1536.jpg 864w, https:\/\/garagekatsastus.fi\/wp-content\/uploads\/2023\/06\/1686769615828-1152x2048.jpg 1152w, https:\/\/garagekatsastus.fi\/wp-content\/uploads\/2023\/06\/1686769615828-scaled.jpg 1440w\" sizes=\"auto, (max-width: 576px) 100vw, 576px\" \/><\/figure><div class=\"wp-block-media-text__content\">\n<p>10.06.2023 Lattioiden hiontaa pinnoitusta varten<\/p>\n\n\n\n<p>Saneerausjyrsimell\u00e4 tasaiseksi ja lattiahiomakoneella siloitus<\/p>\n<\/div><\/div>\n\n\n\n<figure class=\"wp-block-embed is-type-video is-provider-youtube wp-block-embed-youtube wp-embed-aspect-16-9 wp-has-aspect-ratio\"><div class=\"wp-block-embed__wrapper\">\n<iframe loading=\"lazy\" title=\"Nyt n\u00e4hd\u00e4\u00e4n kest\u00e4\u00e4k\u00f6 kansi vai meneek\u00f6 l\u00e4pi!\" width=\"819\" height=\"461\" src=\"https:\/\/www.youtube.com\/embed\/pjEYQxzdnaQ?feature=oembed\" frameborder=\"0\" allow=\"accelerometer; autoplay; clipboard-write; encrypted-media; gyroscope; picture-in-picture; web-share\" allowfullscreen><\/iframe>\n<\/div><\/figure>\n\n\n\n<div class=\"wp-block-media-text alignwide is-stacked-on-mobile\"><figure class=\"wp-block-media-text__media\"><img loading=\"lazy\" decoding=\"async\" width=\"768\" height=\"1024\" src=\"https:\/\/garagekatsastus.fi\/wp-content\/uploads\/2023\/05\/IMG_20230512_221034-1-768x1024.jpg\" alt=\"\" class=\"wp-image-199 size-full\" srcset=\"https:\/\/garagekatsastus.fi\/wp-content\/uploads\/2023\/05\/IMG_20230512_221034-1-768x1024.jpg 768w, https:\/\/garagekatsastus.fi\/wp-content\/uploads\/2023\/05\/IMG_20230512_221034-1-225x300.jpg 225w, https:\/\/garagekatsastus.fi\/wp-content\/uploads\/2023\/05\/IMG_20230512_221034-1-1152x1536.jpg 1152w, https:\/\/garagekatsastus.fi\/wp-content\/uploads\/2023\/05\/IMG_20230512_221034-1-1536x2048.jpg 1536w, https:\/\/garagekatsastus.fi\/wp-content\/uploads\/2023\/05\/IMG_20230512_221034-1-600x800.jpg 600w, https:\/\/garagekatsastus.fi\/wp-content\/uploads\/2023\/05\/IMG_20230512_221034-1-scaled.jpg 1920w\" sizes=\"auto, (max-width: 768px) 100vw, 768px\" \/><\/figure><div class=\"wp-block-media-text__content\">\n<p>P\u00e4iv\u00e4 t\u00e4ys ja radat kasassa, kiitos avusta Jan viimeisten parin sentin kanssa\ud83d\ude18<\/p>\n\n\n\n<p>Jaa niin ja t\u00e4n\u00e4\u00e4n varmistui, ett\u00e4 rahaa tulee pankista niin ei j\u00e4\u00e4 nuo upotukset pelk\u00e4st\u00e4\u00e4n uima-allask\u00e4ytt\u00f6\u00f6n\ud83d\ude01<\/p>\n<\/div><\/div>\n\n\n\n<figure class=\"wp-block-image\"><img loading=\"lazy\" decoding=\"async\" width=\"768\" height=\"1024\" src=\"https:\/\/garagekatsastus.fi\/wp-content\/uploads\/2023\/05\/IMG_20230511_130419-768x1024.jpg\" alt=\"\" class=\"wp-image-194\" srcset=\"https:\/\/garagekatsastus.fi\/wp-content\/uploads\/2023\/05\/IMG_20230511_130419-768x1024.jpg 768w, https:\/\/garagekatsastus.fi\/wp-content\/uploads\/2023\/05\/IMG_20230511_130419-225x300.jpg 225w, https:\/\/garagekatsastus.fi\/wp-content\/uploads\/2023\/05\/IMG_20230511_130419-1152x1536.jpg 1152w, https:\/\/garagekatsastus.fi\/wp-content\/uploads\/2023\/05\/IMG_20230511_130419-1536x2048.jpg 1536w, https:\/\/garagekatsastus.fi\/wp-content\/uploads\/2023\/05\/IMG_20230511_130419-600x800.jpg 600w, https:\/\/garagekatsastus.fi\/wp-content\/uploads\/2023\/05\/IMG_20230511_130419-scaled.jpg 1920w\" sizes=\"auto, (max-width: 768px) 100vw, 768px\" \/><\/figure>\n\n\n\n<p>16.05.2023 \u00c4idit on juhlittu ja p\u00e4\u00e4st\u00e4\u00e4n pakokaasuratojen asennukseen<\/p>\n\n\n\n<div class=\"wp-block-media-text alignwide is-stacked-on-mobile\"><figure class=\"wp-block-media-text__media\"><img loading=\"lazy\" decoding=\"async\" width=\"768\" height=\"1024\" src=\"https:\/\/garagekatsastus.fi\/wp-content\/uploads\/2023\/05\/IMG_20230512_141419-768x1024.jpg\" alt=\"\" class=\"wp-image-195 size-full\" srcset=\"https:\/\/garagekatsastus.fi\/wp-content\/uploads\/2023\/05\/IMG_20230512_141419-768x1024.jpg 768w, https:\/\/garagekatsastus.fi\/wp-content\/uploads\/2023\/05\/IMG_20230512_141419-225x300.jpg 225w, https:\/\/garagekatsastus.fi\/wp-content\/uploads\/2023\/05\/IMG_20230512_141419-1152x1536.jpg 1152w, https:\/\/garagekatsastus.fi\/wp-content\/uploads\/2023\/05\/IMG_20230512_141419-1536x2048.jpg 1536w, https:\/\/garagekatsastus.fi\/wp-content\/uploads\/2023\/05\/IMG_20230512_141419-scaled.jpg 1920w\" sizes=\"auto, (max-width: 768px) 100vw, 768px\" \/><\/figure><div class=\"wp-block-media-text__content\">\n<p>Pe 12.5 Ratoja kasaan ja samalla ykl:n yritt\u00e4j\u00e4p\u00e4ivi\u00e4 teamsin v\u00e4lityksell\u00e4<\/p>\n<\/div><\/div>\n\n\n\n<div class=\"wp-block-media-text alignwide is-stacked-on-mobile\"><figure class=\"wp-block-media-text__media\"><img loading=\"lazy\" decoding=\"async\" width=\"768\" height=\"1024\" src=\"https:\/\/garagekatsastus.fi\/wp-content\/uploads\/2023\/05\/IMG_20230512_220926-768x1024.jpg\" alt=\"\" class=\"wp-image-197 size-full\" srcset=\"https:\/\/garagekatsastus.fi\/wp-content\/uploads\/2023\/05\/IMG_20230512_220926-768x1024.jpg 768w, https:\/\/garagekatsastus.fi\/wp-content\/uploads\/2023\/05\/IMG_20230512_220926-225x300.jpg 225w, https:\/\/garagekatsastus.fi\/wp-content\/uploads\/2023\/05\/IMG_20230512_220926-1152x1536.jpg 1152w, https:\/\/garagekatsastus.fi\/wp-content\/uploads\/2023\/05\/IMG_20230512_220926-1536x2048.jpg 1536w, https:\/\/garagekatsastus.fi\/wp-content\/uploads\/2023\/05\/IMG_20230512_220926-600x800.jpg 600w, https:\/\/garagekatsastus.fi\/wp-content\/uploads\/2023\/05\/IMG_20230512_220926-scaled.jpg 1920w\" sizes=\"auto, (max-width: 768px) 100vw, 768px\" \/><\/figure><div class=\"wp-block-media-text__content\">\n<p>Kiinnikkeet maaliin<\/p>\n<\/div><\/div>\n\n\n\n<div class=\"wp-block-media-text alignwide is-stacked-on-mobile\"><figure class=\"wp-block-media-text__media\"><img loading=\"lazy\" decoding=\"async\" width=\"1024\" height=\"768\" src=\"https:\/\/garagekatsastus.fi\/wp-content\/uploads\/2023\/05\/IMG_20230511_095029-1024x768.jpg\" alt=\"\" class=\"wp-image-190 size-full\" srcset=\"https:\/\/garagekatsastus.fi\/wp-content\/uploads\/2023\/05\/IMG_20230511_095029-1024x768.jpg 1024w, https:\/\/garagekatsastus.fi\/wp-content\/uploads\/2023\/05\/IMG_20230511_095029-300x225.jpg 300w, https:\/\/garagekatsastus.fi\/wp-content\/uploads\/2023\/05\/IMG_20230511_095029-768x576.jpg 768w, https:\/\/garagekatsastus.fi\/wp-content\/uploads\/2023\/05\/IMG_20230511_095029-1536x1152.jpg 1536w, https:\/\/garagekatsastus.fi\/wp-content\/uploads\/2023\/05\/IMG_20230511_095029-2048x1536.jpg 2048w\" sizes=\"auto, (max-width: 1024px) 100vw, 1024px\" \/><\/figure><div class=\"wp-block-media-text__content\">\n<p>Kympin metalliter\u00e4lle uusia haasteita, 5mm levy meni viel\u00e4 n\u00e4tisti\ud83d\udc4c<\/p>\n<\/div><\/div>\n\n\n\n<div class=\"wp-block-media-text alignwide is-stacked-on-mobile\"><figure class=\"wp-block-media-text__media\"><img loading=\"lazy\" decoding=\"async\" width=\"1024\" height=\"768\" src=\"https:\/\/garagekatsastus.fi\/wp-content\/uploads\/2023\/05\/IMG_20230510_115440-1024x768.jpg\" alt=\"\" class=\"wp-image-187 size-full\" srcset=\"https:\/\/garagekatsastus.fi\/wp-content\/uploads\/2023\/05\/IMG_20230510_115440-1024x768.jpg 1024w, https:\/\/garagekatsastus.fi\/wp-content\/uploads\/2023\/05\/IMG_20230510_115440-300x225.jpg 300w, https:\/\/garagekatsastus.fi\/wp-content\/uploads\/2023\/05\/IMG_20230510_115440-768x576.jpg 768w, https:\/\/garagekatsastus.fi\/wp-content\/uploads\/2023\/05\/IMG_20230510_115440-1536x1152.jpg 1536w, https:\/\/garagekatsastus.fi\/wp-content\/uploads\/2023\/05\/IMG_20230510_115440-2048x1536.jpg 2048w\" sizes=\"auto, (max-width: 1024px) 100vw, 1024px\" \/><\/figure><div class=\"wp-block-media-text__content\">\n<p>To 11.5 k\u00e4ynnistyi pakokaasuratojen kiinnikkeiden muokkauksella<\/p>\n<\/div><\/div>\n\n\n\n<figure class=\"wp-block-embed is-type-video is-provider-youtube wp-block-embed-youtube wp-embed-aspect-16-9 wp-has-aspect-ratio\"><div class=\"wp-block-embed__wrapper\">\n<iframe loading=\"lazy\" title=\"Tamo metalliter\u00e4, iltavuoron yll\u00e4tt\u00e4j\u00e4.\" width=\"819\" height=\"461\" src=\"https:\/\/www.youtube.com\/embed\/9RQeo9QVTqM?start=52&#038;feature=oembed\" frameborder=\"0\" allow=\"accelerometer; autoplay; clipboard-write; encrypted-media; gyroscope; picture-in-picture; web-share\" allowfullscreen><\/iframe>\n<\/div><\/figure>\n\n\n\n<figure class=\"wp-block-embed is-type-video is-provider-youtube wp-block-embed-youtube wp-embed-aspect-16-9 wp-has-aspect-ratio\"><div class=\"wp-block-embed__wrapper\">\n<iframe loading=\"lazy\" title=\"jatkoa edelliseen ja asiaa muutoskatsastuksessa vaadittavasta hitsausselvityksest\u00e4\" width=\"819\" height=\"461\" src=\"https:\/\/www.youtube.com\/embed\/e51rORN60KA?feature=oembed\" frameborder=\"0\" allow=\"accelerometer; autoplay; clipboard-write; encrypted-media; gyroscope; picture-in-picture; web-share\" allowfullscreen><\/iframe>\n<\/div><\/figure>\n\n\n\n<figure class=\"wp-block-embed is-type-video is-provider-youtube wp-block-embed-youtube wp-embed-aspect-16-9 wp-has-aspect-ratio\"><div class=\"wp-block-embed__wrapper\">\n<iframe loading=\"lazy\" title=\"Katsastusyritt\u00e4j\u00e4 esitt\u00e4ytyy ja ihmetell\u00e4\u00e4n millaista puuhaa t\u00e4n\u00e4\u00e4n ohjelmistossa.\" width=\"819\" height=\"461\" src=\"https:\/\/www.youtube.com\/embed\/ZHNkblg7Zuc?feature=oembed\" frameborder=\"0\" allow=\"accelerometer; autoplay; clipboard-write; encrypted-media; gyroscope; picture-in-picture; web-share\" allowfullscreen><\/iframe>\n<\/div><\/figure>\n","protected":false},"excerpt":{"rendered":"<p>Garage Katsastuksen toimitila rakentuu hyvin pitk\u00e4lti yritt\u00e4j\u00e4n hartiapankilla Lehtim\u00e4en liikenteen vanhaan halliin Nastolassa. Tie toi pari vuotta sitten Kangasalta Nastolaan kun t\u00e4\u00e4lt\u00e4 sattui l\u00f6ytym\u00e4\u00e4n unelmien [&hellip;]<\/p>\n","protected":false},"author":1,"featured_media":77,"parent":0,"menu_order":0,"comment_status":"closed","ping_status":"closed","template":"","meta":{"_uag_custom_page_level_css":"","footnotes":""},"class_list":["post-53","page","type-page","status-publish","has-post-thumbnail","hentry"],"uagb_featured_image_src":{"full":["https:\/\/garagekatsastus.fi\/wp-content\/uploads\/2023\/04\/highway-gb6461d2dc_1920.jpg",1920,1277,false],"thumbnail":["https:\/\/garagekatsastus.fi\/wp-content\/uploads\/2023\/04\/highway-gb6461d2dc_1920-150x150.jpg",150,150,true],"medium":["https:\/\/garagekatsastus.fi\/wp-content\/uploads\/2023\/04\/highway-gb6461d2dc_1920-300x200.jpg",300,200,true],"medium_large":["https:\/\/garagekatsastus.fi\/wp-content\/uploads\/2023\/04\/highway-gb6461d2dc_1920-768x511.jpg",768,511,true],"large":["https:\/\/garagekatsastus.fi\/wp-content\/uploads\/2023\/04\/highway-gb6461d2dc_1920-1024x681.jpg",819,545,true],"1536x1536":["https:\/\/garagekatsastus.fi\/wp-content\/uploads\/2023\/04\/highway-gb6461d2dc_1920-1536x1022.jpg",1536,1022,true],"2048x2048":["https:\/\/garagekatsastus.fi\/wp-content\/uploads\/2023\/04\/highway-gb6461d2dc_1920.jpg",1920,1277,false],"post-thumbnail":["https:\/\/garagekatsastus.fi\/wp-content\/uploads\/2023\/04\/highway-gb6461d2dc_1920.jpg",600,399,false]},"uagb_author_info":{"display_name":"admin","author_link":"https:\/\/garagekatsastus.fi\/index.php\/author\/admin\/"},"uagb_comment_info":0,"uagb_excerpt":"Garage Katsastuksen toimitila rakentuu hyvin pitk\u00e4lti yritt\u00e4j\u00e4n hartiapankilla Lehtim\u00e4en liikenteen vanhaan halliin Nastolassa. Tie toi pari vuotta sitten Kangasalta Nastolaan kun t\u00e4\u00e4lt\u00e4 sattui l\u00f6ytym\u00e4\u00e4n unelmien [&hellip;]","_links":{"self":[{"href":"https:\/\/garagekatsastus.fi\/index.php\/wp-json\/wp\/v2\/pages\/53","targetHints":{"allow":["GET"]}}],"collection":[{"href":"https:\/\/garagekatsastus.fi\/index.php\/wp-json\/wp\/v2\/pages"}],"about":[{"href":"https:\/\/garagekatsastus.fi\/index.php\/wp-json\/wp\/v2\/types\/page"}],"author":[{"embeddable":true,"href":"https:\/\/garagekatsastus.fi\/index.php\/wp-json\/wp\/v2\/users\/1"}],"replies":[{"embeddable":true,"href":"https:\/\/garagekatsastus.fi\/index.php\/wp-json\/wp\/v2\/comments?post=53"}],"version-history":[{"count":13,"href":"https:\/\/garagekatsastus.fi\/index.php\/wp-json\/wp\/v2\/pages\/53\/revisions"}],"predecessor-version":[{"id":242,"href":"https:\/\/garagekatsastus.fi\/index.php\/wp-json\/wp\/v2\/pages\/53\/revisions\/242"}],"wp:featuredmedia":[{"embeddable":true,"href":"https:\/\/garagekatsastus.fi\/index.php\/wp-json\/wp\/v2\/media\/77"}],"wp:attachment":[{"href":"https:\/\/garagekatsastus.fi\/index.php\/wp-json\/wp\/v2\/media?parent=53"}],"curies":[{"name":"wp","href":"https:\/\/api.w.org\/{rel}","templated":true}]}}