{"id":52,"date":"2023-04-25T15:55:33","date_gmt":"2023-04-25T15:55:33","guid":{"rendered":"https:\/\/garagekatsastus.fi\/?page_id=52"},"modified":"2025-05-20T09:15:02","modified_gmt":"2025-05-20T09:15:02","slug":"contact","status":"publish","type":"page","link":"https:\/\/garagekatsastus.fi\/index.php\/contact\/","title":{"rendered":"Yhteystiedot"},"content":{"rendered":"\n<p>Huom! Sijainti seurakuntataloa vastap\u00e4\u00e4t\u00e4. Navigaattori ohjaa virheellisesti Kirkkotien kautta, josta ei kulkua!<\/p>\n\n\n\n<div class=\"wp-block-columns alignfull is-layout-flex wp-container-core-columns-is-layout-1 wp-block-columns-is-layout-flex\">\n<div class=\"wp-block-column is-layout-flow wp-block-column-is-layout-flow\">\n<iframe src=\"https:\/\/www.google.com\/maps\/embed?pb=!1m18!1m12!1m3!1d1937.4712646563537!2d25.92967629288436!3d60.947955312107986!2m3!1f0!2f0!3f0!3m2!1i1024!2i768!4f13.1!3m3!1m2!1s0x4691d13c1561d9c7%3A0x46165d3eb380cfda!2sImmil%C3%A4ntie%201%2C%2015560%20Nastola!5e0!3m2!1sfi!2sfi!4v1682850249596!5m2!1sfi!2sfi\" width=\"600\" height=\"450\" style=\"border:0;\" allowfullscreen=\"\" loading=\"lazy\" referrerpolicy=\"no-referrer-when-downgrade\"><\/iframe>\n<\/div>\n<\/div>\n\n\n\n<div class=\"wp-block-columns container is-layout-flex wp-container-core-columns-is-layout-2 wp-block-columns-is-layout-flex\">\n<div class=\"wp-block-column is-vertically-aligned-center is-layout-flow wp-block-column-is-layout-flow\">\n<p>Avoinna ma-pe 9-17 <\/p>\n\n\n\n<p>Ruokatauko 12:30-13:00<\/p>\n\n\n\n<p>Puhelin: 0413137915, my\u00f6s SMS ja WhatsApp<\/p>\n\n\n\n<p>Email: konttori@garagekatsastus.fi<\/p>\n<\/div>\n\n\n\n<div class=\"wp-block-column is-vertically-aligned-center is-layout-flow wp-block-column-is-layout-flow\">\n<div style=\"height:40px\" aria-hidden=\"true\" class=\"wp-block-spacer\"><\/div>\n<\/div>\n<\/div>\n\n\n\n<div class=\"wp-block-columns is-layout-flex wp-container-core-columns-is-layout-3 wp-block-columns-is-layout-flex\">\n<div class=\"wp-block-column is-layout-flow wp-block-column-is-layout-flow\">\n<figure class=\"wp-block-image size-large\"><img loading=\"lazy\" decoding=\"async\" width=\"1024\" height=\"577\" src=\"https:\/\/garagekatsastus.fi\/wp-content\/uploads\/2024\/01\/Nimeton-malli-2-1024x577.png\" alt=\"\" class=\"wp-image-270\" srcset=\"https:\/\/garagekatsastus.fi\/wp-content\/uploads\/2024\/01\/Nimeton-malli-2-1024x577.png 1024w, https:\/\/garagekatsastus.fi\/wp-content\/uploads\/2024\/01\/Nimeton-malli-2-300x169.png 300w, https:\/\/garagekatsastus.fi\/wp-content\/uploads\/2024\/01\/Nimeton-malli-2-768x433.png 768w, https:\/\/garagekatsastus.fi\/wp-content\/uploads\/2024\/01\/Nimeton-malli-2-1536x865.png 1536w, https:\/\/garagekatsastus.fi\/wp-content\/uploads\/2024\/01\/Nimeton-malli-2.png 1640w\" sizes=\"auto, (max-width: 1024px) 100vw, 1024px\" \/><\/figure>\n<\/div>\n<\/div>\n","protected":false},"excerpt":{"rendered":"<p>Huom! Sijainti seurakuntataloa vastap\u00e4\u00e4t\u00e4. Navigaattori ohjaa virheellisesti Kirkkotien kautta, josta ei kulkua! Avoinna ma-pe 9-17 Ruokatauko 12:30-13:00 Puhelin: 0413137915, my\u00f6s SMS ja WhatsApp Email: konttori@garagekatsastus.fi<\/p>\n","protected":false},"author":1,"featured_media":77,"parent":0,"menu_order":0,"comment_status":"closed","ping_status":"closed","template":"","meta":{"_uag_custom_page_level_css":"","footnotes":""},"class_list":["post-52","page","type-page","status-publish","has-post-thumbnail","hentry"],"uagb_featured_image_src":{"full":["https:\/\/garagekatsastus.fi\/wp-content\/uploads\/2023\/04\/highway-gb6461d2dc_1920.jpg",1920,1277,false],"thumbnail":["https:\/\/garagekatsastus.fi\/wp-content\/uploads\/2023\/04\/highway-gb6461d2dc_1920-150x150.jpg",150,150,true],"medium":["https:\/\/garagekatsastus.fi\/wp-content\/uploads\/2023\/04\/highway-gb6461d2dc_1920-300x200.jpg",300,200,true],"medium_large":["https:\/\/garagekatsastus.fi\/wp-content\/uploads\/2023\/04\/highway-gb6461d2dc_1920-768x511.jpg",768,511,true],"large":["https:\/\/garagekatsastus.fi\/wp-content\/uploads\/2023\/04\/highway-gb6461d2dc_1920-1024x681.jpg",819,545,true],"1536x1536":["https:\/\/garagekatsastus.fi\/wp-content\/uploads\/2023\/04\/highway-gb6461d2dc_1920-1536x1022.jpg",1536,1022,true],"2048x2048":["https:\/\/garagekatsastus.fi\/wp-content\/uploads\/2023\/04\/highway-gb6461d2dc_1920.jpg",1920,1277,false],"post-thumbnail":["https:\/\/garagekatsastus.fi\/wp-content\/uploads\/2023\/04\/highway-gb6461d2dc_1920.jpg",600,399,false]},"uagb_author_info":{"display_name":"admin","author_link":"https:\/\/garagekatsastus.fi\/index.php\/author\/admin\/"},"uagb_comment_info":0,"uagb_excerpt":"Huom! Sijainti seurakuntataloa vastap\u00e4\u00e4t\u00e4. Navigaattori ohjaa virheellisesti Kirkkotien kautta, josta ei kulkua! Avoinna ma-pe 9-17 Ruokatauko 12:30-13:00 Puhelin: 0413137915, my\u00f6s SMS ja WhatsApp Email: konttori@garagekatsastus.fi","_links":{"self":[{"href":"https:\/\/garagekatsastus.fi\/index.php\/wp-json\/wp\/v2\/pages\/52","targetHints":{"allow":["GET"]}}],"collection":[{"href":"https:\/\/garagekatsastus.fi\/index.php\/wp-json\/wp\/v2\/pages"}],"about":[{"href":"https:\/\/garagekatsastus.fi\/index.php\/wp-json\/wp\/v2\/types\/page"}],"author":[{"embeddable":true,"href":"https:\/\/garagekatsastus.fi\/index.php\/wp-json\/wp\/v2\/users\/1"}],"replies":[{"embeddable":true,"href":"https:\/\/garagekatsastus.fi\/index.php\/wp-json\/wp\/v2\/comments?post=52"}],"version-history":[{"count":11,"href":"https:\/\/garagekatsastus.fi\/index.php\/wp-json\/wp\/v2\/pages\/52\/revisions"}],"predecessor-version":[{"id":353,"href":"https:\/\/garagekatsastus.fi\/index.php\/wp-json\/wp\/v2\/pages\/52\/revisions\/353"}],"wp:featuredmedia":[{"embeddable":true,"href":"https:\/\/garagekatsastus.fi\/index.php\/wp-json\/wp\/v2\/media\/77"}],"wp:attachment":[{"href":"https:\/\/garagekatsastus.fi\/index.php\/wp-json\/wp\/v2\/media?parent=52"}],"curies":[{"name":"wp","href":"https:\/\/api.w.org\/{rel}","templated":true}]}}