{"id":260,"date":"2024-01-09T13:10:10","date_gmt":"2024-01-09T13:10:10","guid":{"rendered":"https:\/\/garagekatsastus.fi\/?page_id=260"},"modified":"2024-10-29T06:55:58","modified_gmt":"2024-10-29T06:55:58","slug":"ajanvaraus","status":"publish","type":"page","link":"https:\/\/garagekatsastus.fi\/index.php\/ajanvaraus\/","title":{"rendered":"AJANVARAUS"},"content":{"rendered":"\n<p>Nettiajanvaraukseen-&gt; <a href=\"https:\/\/ajanvaraus.idealinspect.fi\/booking\/99\/241\">https:\/\/ajanvaraus.idealinspect.fi\/booking\/99\/241<\/a><\/p>\n\n\n\n<p>Ajanvaraus soittamalla p. 0413137915<\/p>\n\n\n\n<p>Ajanvaraus s\u00e4hk\u00f6postilla konttori@garagekatsastus.fi<\/p>\n\n\n\n<p>Ajanvaraus rekister\u00f6inti- ja muutoskatsastuksiin ja per\u00e4vaunujen katsastuksiin vain puhelimitse tai s\u00e4hk\u00f6postilla<\/p>\n\n\n\n<p>Huom. Ilmoitathan, jos et p\u00e4\u00e4se tulemaan. Peruuttamattomasta aikavarauksesta voidaan peri\u00e4 t\u00e4ysi maksu.<\/p>\n","protected":false},"excerpt":{"rendered":"<p>Nettiajanvaraukseen-&gt; https:\/\/ajanvaraus.idealinspect.fi\/booking\/99\/241 Ajanvaraus soittamalla p. 0413137915 Ajanvaraus s\u00e4hk\u00f6postilla konttori@garagekatsastus.fi Ajanvaraus rekister\u00f6inti- ja muutoskatsastuksiin ja per\u00e4vaunujen katsastuksiin vain puhelimitse tai s\u00e4hk\u00f6postilla Huom. Ilmoitathan, jos et p\u00e4\u00e4se [&hellip;]<\/p>\n","protected":false},"author":1,"featured_media":0,"parent":0,"menu_order":0,"comment_status":"closed","ping_status":"closed","template":"","meta":{"_uag_custom_page_level_css":"","footnotes":""},"class_list":["post-260","page","type-page","status-publish","hentry"],"uagb_featured_image_src":{"full":false,"thumbnail":false,"medium":false,"medium_large":false,"large":false,"1536x1536":false,"2048x2048":false,"post-thumbnail":false},"uagb_author_info":{"display_name":"admin","author_link":"https:\/\/garagekatsastus.fi\/index.php\/author\/admin\/"},"uagb_comment_info":0,"uagb_excerpt":"Nettiajanvaraukseen-&gt; https:\/\/ajanvaraus.idealinspect.fi\/booking\/99\/241 Ajanvaraus soittamalla p. 0413137915 Ajanvaraus s\u00e4hk\u00f6postilla konttori@garagekatsastus.fi Ajanvaraus rekister\u00f6inti- ja muutoskatsastuksiin ja per\u00e4vaunujen katsastuksiin vain puhelimitse tai s\u00e4hk\u00f6postilla Huom. Ilmoitathan, jos et p\u00e4\u00e4se [&hellip;]","_links":{"self":[{"href":"https:\/\/garagekatsastus.fi\/index.php\/wp-json\/wp\/v2\/pages\/260","targetHints":{"allow":["GET"]}}],"collection":[{"href":"https:\/\/garagekatsastus.fi\/index.php\/wp-json\/wp\/v2\/pages"}],"about":[{"href":"https:\/\/garagekatsastus.fi\/index.php\/wp-json\/wp\/v2\/types\/page"}],"author":[{"embeddable":true,"href":"https:\/\/garagekatsastus.fi\/index.php\/wp-json\/wp\/v2\/users\/1"}],"replies":[{"embeddable":true,"href":"https:\/\/garagekatsastus.fi\/index.php\/wp-json\/wp\/v2\/comments?post=260"}],"version-history":[{"count":3,"href":"https:\/\/garagekatsastus.fi\/index.php\/wp-json\/wp\/v2\/pages\/260\/revisions"}],"predecessor-version":[{"id":326,"href":"https:\/\/garagekatsastus.fi\/index.php\/wp-json\/wp\/v2\/pages\/260\/revisions\/326"}],"wp:attachment":[{"href":"https:\/\/garagekatsastus.fi\/index.php\/wp-json\/wp\/v2\/media?parent=260"}],"curies":[{"name":"wp","href":"https:\/\/api.w.org\/{rel}","templated":true}]}}