{"id":152,"date":"2023-05-01T15:54:39","date_gmt":"2023-05-01T15:54:39","guid":{"rendered":"https:\/\/garagekatsastus.fi\/?page_id=152"},"modified":"2023-05-06T20:22:04","modified_gmt":"2023-05-06T20:22:04","slug":"katsastukset-ammattitaidolla-myos-harrasteajoneuvoille","status":"publish","type":"page","link":"https:\/\/garagekatsastus.fi\/index.php\/katsastukset-ammattitaidolla-myos-harrasteajoneuvoille\/","title":{"rendered":"Harrasteautot"},"content":{"rendered":"\n<p class=\"has-shark-background-color has-text-color has-background\" style=\"color:#f9f8f8\">Autoharrastajan auto yleens\u00e4 erottuu jollain tavalla autojen harmaasta massasta. Se voi olla entis\u00f6ity klassikko, huoliteltu mallinsa valioyksil\u00f6 tai rankasti muuteltu vastaamaan omistajansa mieltymyksi\u00e4. Oli se millainen hyv\u00e4ns\u00e4 niin se on varmasti l\u00e4hell\u00e4 omistajansa syd\u00e4nt\u00e4. Harrasteautopiireiss\u00e4 el\u00e4\u00e4 my\u00f6s pyyteet\u00f6n auttamisen kulttuuri ja vahva yhteishenki. N\u00e4ist\u00e4 elementeist\u00e4 muodostuu my\u00f6s Garage Katsastuksen palvelu. Pitk\u00e4 kokemus erikoisempien ja rakenneltujen autojen katsastuksista yhdistettyn\u00e4 omaan autoharrastukseen mahdollistavat laadukkaan palvelun haastavimmissakin tapauksissa.<\/p>\n\n\n\n<p class=\"has-shark-background-color has-text-color has-background\" style=\"color:#fbfafa\">Katsastus onnistuu ilman pohjakosketuksia my\u00f6s matalimmille autoille. Kaikki laitteet on upotettu lattian tasolle ja jarrudynamometri on varustettu pneumaattisella laskusillalla, joka laskee auton hallitusti rullien p\u00e4\u00e4lle. My\u00f6s ajosiltanostimen akselikeventimet ovat matalaprofiilista mallia. Muistathan kuitenkin, ett\u00e4 kuormaamattoman ajoneuvon maavara tieliikennek\u00e4yt\u00f6ss\u00e4 tulee olla v\u00e4hint\u00e4\u00e4n 80mm. \ud83d\ude09<\/p>\n","protected":false},"excerpt":{"rendered":"<p>Autoharrastajan auto yleens\u00e4 erottuu jollain tavalla autojen harmaasta massasta. Se voi olla entis\u00f6ity klassikko, huoliteltu mallinsa valioyksil\u00f6 tai rankasti muuteltu vastaamaan omistajansa mieltymyksi\u00e4. Oli se [&hellip;]<\/p>\n","protected":false},"author":1,"featured_media":0,"parent":0,"menu_order":0,"comment_status":"closed","ping_status":"closed","template":"","meta":{"_uag_custom_page_level_css":"","footnotes":""},"class_list":["post-152","page","type-page","status-publish","hentry"],"uagb_featured_image_src":{"full":false,"thumbnail":false,"medium":false,"medium_large":false,"large":false,"1536x1536":false,"2048x2048":false,"post-thumbnail":false},"uagb_author_info":{"display_name":"admin","author_link":"https:\/\/garagekatsastus.fi\/index.php\/author\/admin\/"},"uagb_comment_info":0,"uagb_excerpt":"Autoharrastajan auto yleens\u00e4 erottuu jollain tavalla autojen harmaasta massasta. Se voi olla entis\u00f6ity klassikko, huoliteltu mallinsa valioyksil\u00f6 tai rankasti muuteltu vastaamaan omistajansa mieltymyksi\u00e4. Oli se [&hellip;]","_links":{"self":[{"href":"https:\/\/garagekatsastus.fi\/index.php\/wp-json\/wp\/v2\/pages\/152","targetHints":{"allow":["GET"]}}],"collection":[{"href":"https:\/\/garagekatsastus.fi\/index.php\/wp-json\/wp\/v2\/pages"}],"about":[{"href":"https:\/\/garagekatsastus.fi\/index.php\/wp-json\/wp\/v2\/types\/page"}],"author":[{"embeddable":true,"href":"https:\/\/garagekatsastus.fi\/index.php\/wp-json\/wp\/v2\/users\/1"}],"replies":[{"embeddable":true,"href":"https:\/\/garagekatsastus.fi\/index.php\/wp-json\/wp\/v2\/comments?post=152"}],"version-history":[{"count":8,"href":"https:\/\/garagekatsastus.fi\/index.php\/wp-json\/wp\/v2\/pages\/152\/revisions"}],"predecessor-version":[{"id":182,"href":"https:\/\/garagekatsastus.fi\/index.php\/wp-json\/wp\/v2\/pages\/152\/revisions\/182"}],"wp:attachment":[{"href":"https:\/\/garagekatsastus.fi\/index.php\/wp-json\/wp\/v2\/media?parent=152"}],"curies":[{"name":"wp","href":"https:\/\/api.w.org\/{rel}","templated":true}]}}