{"id":137,"date":"2023-04-26T05:47:14","date_gmt":"2023-04-26T05:47:14","guid":{"rendered":"https:\/\/garagekatsastus.fi\/?page_id=137"},"modified":"2026-03-24T11:57:40","modified_gmt":"2026-03-24T11:57:40","slug":"hinnasto","status":"publish","type":"page","link":"https:\/\/garagekatsastus.fi\/index.php\/hinnasto\/","title":{"rendered":"HINNASTO"},"content":{"rendered":"\n<figure class=\"wp-block-table\"><table><tbody><tr><td>M\u00e4\u00e4r\u00e4aikaiskatsastus<\/td><td>55e<\/td><\/tr><tr><td>M\u00e4\u00e4r\u00e4aikaiskatsastuspaketti (bensa -77-&gt;, diesel -80-&gt; tai s\u00e4hk\u00f6auto)<\/td><td>80e<\/td><\/tr><tr><td>P\u00e4\u00e4st\u00f6mittaus katsastuksen yhteydess\u00e4<\/td><td>25e<\/td><\/tr><tr><td>P\u00e4\u00e4st\u00f6mittaus ilman katsastusta<\/td><td>30e<\/td><\/tr><tr><td>Kaasuk\u00e4ytt\u00f6isen auton kaasuvuotomittaus<\/td><td>10e<\/td><\/tr><tr><td>M\u00e4\u00e4r\u00e4aikaiskatsastus per\u00e4vaunu (talvikaudella +8e ja 4wd vetoauto vaaditaan)<\/td><td>80e<\/td><\/tr><tr><td>J\u00e4lkitarkastus(sis\u00e4lt\u00e4\u00e4 p\u00e4\u00e4st\u00f6mittauksen tarvittaessa), muutos\/rekister\u00f6intikatsastus tai per\u00e4vaunu +10e<\/td><td>30e<\/td><\/tr><tr><td>Muutoskatsastus suppea (esim. rengasmuutos, museoauto, invavaruste, \u00e4\u00e4nenvaimenninmuutos, turvakaari\/penkki\/turvavy\u00f6-muutos)<\/td><td>70e<\/td><\/tr><tr><td>Muutoskatsastus keskilaaja (esim. jousituksen madallus\/korotus, akselisto\/tukivarsimuutos, ajoneuvoluokan muutos pakettiautoksi, k\u00e4ytt\u00f6voimamuutos bensa-etanoli(sis. p\u00e4\u00e4st\u00f6mittaus))<\/td><td>90e<\/td><\/tr><tr><td>Muutoskatsastus laaja (esim. moottorimuutos\/vaihto, korinvaihto, matkailuautomuutos)<\/td><td>280e<\/td><\/tr><tr><td>Rekister\u00f6intikatsastus maahantuonti auto EU-tyyppihyv\u00e4ksytty tai uusi<\/td><td>180e<\/td><\/tr><tr><td>Rekister\u00f6intikatsastus maahantuonti auto EU-tyyppihyv\u00e4ksytty, m\u00e4\u00e4r\u00e4aikaiskatsastus voimassa<\/td><td>150e<\/td><\/tr><tr><td>Rekister\u00f6intikatsastus auto vauriopoistettu<\/td><td>180e<\/td><\/tr><tr><td>Rekister\u00f6intikatsastus auto maahantuonti USA\/Japani\/Ei EU-tyyppihyv\u00e4ksytty <\/td><td>240e<\/td><\/tr><tr><td>Rekister\u00f6intikatsastus auto aiemmin suomessa rekister\u00f6ity(paperiton +80e, tiedot poistuneet rekisterist\u00e4 +50e)<\/td><td>140e<\/td><\/tr><tr><td>Rekister\u00f6intikatsastus moottoripy\u00f6r\u00e4\/mopo maahantuonti EU-tyyppihyv\u00e4ksytty tai vauriopoistettu<\/td><td>140e<\/td><\/tr><tr><td>Rekister\u00f6intikatsastus moottoripy\u00f6r\u00e4\/mopo ei EU-tyyppihyv\u00e4ksytty tai uusi<\/td><td>180e<\/td><\/tr><tr><td>Rekister\u00f6intikatsastus moottoripy\u00f6r\u00e4\/mopo aiemmin suomessa rekister\u00f6ity(paperiton +80e)<\/td><td>110e<\/td><\/tr><tr><td>Melumittaus katsastuksen yhteydess\u00e4<\/td><td>30e<\/td><\/tr><tr><td>Punnitus ja kantavuuslaskelma<\/td><td>50e<\/td><\/tr><tr><td>Avausmaksu(lis\u00e4t\u00e4\u00e4n palvelun hintaan aukioloaikojen ulkopuolella)<\/td><td>50e<\/td><\/tr><\/tbody><\/table><\/figure>\n\n\n\n<p>Hinnat eiv\u00e4t sis\u00e4ll\u00e4 mahdollisesti tarvittavaa p\u00e4\u00e4st\u00f6mittausta, melumittausta tai punnitusta ellei toisin mainita. <strong>Rekister\u00f6intikatsastuksien hintaan lis\u00e4t\u00e4\u00e4n 120e, jos ajoneuvoon on tehty laajan muutoskatsastuksen vaativia muutoksia.<\/strong><\/p>\n\n\n\n<p><\/p>\n\n\n\n<p><\/p>\n","protected":false},"excerpt":{"rendered":"<p>M\u00e4\u00e4r\u00e4aikaiskatsastus 55e M\u00e4\u00e4r\u00e4aikaiskatsastuspaketti (bensa -77-&gt;, diesel -80-&gt; tai s\u00e4hk\u00f6auto) 80e P\u00e4\u00e4st\u00f6mittaus katsastuksen yhteydess\u00e4 25e P\u00e4\u00e4st\u00f6mittaus ilman katsastusta 30e Kaasuk\u00e4ytt\u00f6isen auton kaasuvuotomittaus 10e M\u00e4\u00e4r\u00e4aikaiskatsastus per\u00e4vaunu (talvikaudella [&hellip;]<\/p>\n","protected":false},"author":1,"featured_media":0,"parent":0,"menu_order":0,"comment_status":"closed","ping_status":"closed","template":"","meta":{"_uag_custom_page_level_css":"","footnotes":""},"class_list":["post-137","page","type-page","status-publish","hentry"],"uagb_featured_image_src":{"full":false,"thumbnail":false,"medium":false,"medium_large":false,"large":false,"1536x1536":false,"2048x2048":false,"post-thumbnail":false},"uagb_author_info":{"display_name":"admin","author_link":"https:\/\/garagekatsastus.fi\/index.php\/author\/admin\/"},"uagb_comment_info":0,"uagb_excerpt":"M\u00e4\u00e4r\u00e4aikaiskatsastus 55e M\u00e4\u00e4r\u00e4aikaiskatsastuspaketti (bensa -77-&gt;, diesel -80-&gt; tai s\u00e4hk\u00f6auto) 80e P\u00e4\u00e4st\u00f6mittaus katsastuksen yhteydess\u00e4 25e P\u00e4\u00e4st\u00f6mittaus ilman katsastusta 30e Kaasuk\u00e4ytt\u00f6isen auton kaasuvuotomittaus 10e M\u00e4\u00e4r\u00e4aikaiskatsastus per\u00e4vaunu (talvikaudella [&hellip;]","_links":{"self":[{"href":"https:\/\/garagekatsastus.fi\/index.php\/wp-json\/wp\/v2\/pages\/137","targetHints":{"allow":["GET"]}}],"collection":[{"href":"https:\/\/garagekatsastus.fi\/index.php\/wp-json\/wp\/v2\/pages"}],"about":[{"href":"https:\/\/garagekatsastus.fi\/index.php\/wp-json\/wp\/v2\/types\/page"}],"author":[{"embeddable":true,"href":"https:\/\/garagekatsastus.fi\/index.php\/wp-json\/wp\/v2\/users\/1"}],"replies":[{"embeddable":true,"href":"https:\/\/garagekatsastus.fi\/index.php\/wp-json\/wp\/v2\/comments?post=137"}],"version-history":[{"count":20,"href":"https:\/\/garagekatsastus.fi\/index.php\/wp-json\/wp\/v2\/pages\/137\/revisions"}],"predecessor-version":[{"id":377,"href":"https:\/\/garagekatsastus.fi\/index.php\/wp-json\/wp\/v2\/pages\/137\/revisions\/377"}],"wp:attachment":[{"href":"https:\/\/garagekatsastus.fi\/index.php\/wp-json\/wp\/v2\/media?parent=137"}],"curies":[{"name":"wp","href":"https:\/\/api.w.org\/{rel}","templated":true}]}}